{"id":380,"date":"2022-03-27T16:07:34","date_gmt":"2022-03-27T16:07:34","guid":{"rendered":"http:\/\/autorinnenstammtisch-wien.eu\/?page_id=380"},"modified":"2025-10-29T20:45:25","modified_gmt":"2025-10-29T20:45:25","slug":"home","status":"publish","type":"page","link":"https:\/\/autorinnenstammtisch-wien.eu\/","title":{"rendered":"Home"},"content":{"rendered":"\n<p>Der Autorinnen*Stammtisch wurde 2018 im Rahmen eines Vernetzungstreffens im Kosmos Theater gegr\u00fcndet und versteht sich als eine Platt form f\u00fcr Vernetzung, Austausch und St\u00e4rkung von Theaterautorinnen* und Schriftstellerinnen*. Bei regelm\u00e4\u00dfigen Treffen werden Theaterliteratur und Theaterpraxis, patriarchale Strukturen und Narrative niederschwellig und feministisch hinterfragt. Kernteam des Stammtisches bilden Elena Messner, Gabriele Schelle, Miriam V. Lesch, Petra Sturm und Katharina K\u00f6ller. Je nach Interesse werden von den Mitgliedern verschiedene Aufgaben \u00fcbernommen oder Veranstaltungen organisiert.&nbsp;<br><a href=\"https:\/\/autorinnenstammtisch-wien.eu\/?page_id=68\"><span style=\"color: #ff6600;\">mehr lesen &gt;&gt;<\/span><\/a><\/p>\n<p>&nbsp;<\/p>\n<p>&nbsp;<\/p>\n<p class=\"fusion-responsive-typography-calculated\" data-fontsize=\"28\" data-lineheight=\"42px\"><strong><span style=\"color: #ff6600;\"><img data-recalc-dims=\"1\" loading=\"lazy\" decoding=\"async\" class=\"alignnone size-medium wp-image-2228 alignleft\" src=\"https:\/\/i0.wp.com\/autorinnenstammtisch-wien.eu\/wp-content\/uploads\/2025\/10\/Sport-und-Feminismus_Website-Header-wpcf_1200x516.jpg?resize=300%2C129&#038;ssl=1\" alt=\"\" width=\"300\" height=\"129\" srcset=\"https:\/\/i0.wp.com\/autorinnenstammtisch-wien.eu\/wp-content\/uploads\/2025\/10\/Sport-und-Feminismus_Website-Header-wpcf_1200x516.jpg?resize=300%2C129&amp;ssl=1 300w, https:\/\/i0.wp.com\/autorinnenstammtisch-wien.eu\/wp-content\/uploads\/2025\/10\/Sport-und-Feminismus_Website-Header-wpcf_1200x516.jpg?resize=700%2C301&amp;ssl=1 700w, https:\/\/i0.wp.com\/autorinnenstammtisch-wien.eu\/wp-content\/uploads\/2025\/10\/Sport-und-Feminismus_Website-Header-wpcf_1200x516.jpg?resize=768%2C330&amp;ssl=1 768w, https:\/\/i0.wp.com\/autorinnenstammtisch-wien.eu\/wp-content\/uploads\/2025\/10\/Sport-und-Feminismus_Website-Header-wpcf_1200x516.jpg?w=1200&amp;ssl=1 1200w\" sizes=\"auto, (max-width: 300px) 100vw, 300px\" \/><\/span><\/strong><\/p>\n<p class=\"fusion-responsive-typography-calculated\" data-fontsize=\"28\" data-lineheight=\"42px\"><strong><span style=\"color: #000000;\">&nbsp; &nbsp;<\/span><\/strong><strong><span style=\"color: #000000;\">Aktionstage gegen Genderbasierte Gewalt&nbsp;<\/span><\/strong><\/p>\n<p class=\"fusion-responsive-typography-calculated\" data-fontsize=\"28\" data-lineheight=\"42px\"><strong><span style=\"color: #ff6600;\"><a style=\"color: #ff6600;\" href=\"https:\/\/kosmostheater.at\/produktion\/buchpraesentation-und-diskussion-sport-und-feminismus\/\">&nbsp; &nbsp;BUCHPR\u00c4SENTATION UND DISKUSSION: SPORT UND FEMINISMUS<\/a> <\/span><\/strong><br><span style=\"font-size: revert;\">&nbsp; &nbsp;Fem*exchange &#8211; Feministischer Diskurs<\/span><\/p>\n<p style=\"text-align: left;\">&nbsp; &nbsp; Do., 27. Nov. 2025 | 20:00<br><span style=\"font-size: revert;\">&nbsp;<\/span><\/p>\n<p style=\"text-align: left;\"><span style=\"font-size: revert;\">Was hat die Erlangung von Muskelkraft mit sprichw\u00f6rtlichem \u201eEmpowerment\u201c zu tun und was verbindet #MeToo mit &nbsp; &nbsp; &nbsp;kollektiven K\u00e4mpfen von Spitzensportler*innen gegen patriarchale Verbandsstrukturen? Warum war das Verh\u00e4ltnis von Leistungssport und Menstruation bereits in den 1920er Jahren ein Thema und was schreibt Judith Butler \u00fcber den Tennisstar Martina Navratilova?<\/span><\/p>\n<p style=\"text-align: left;\">Sport spielte seit der Wende zum 20. Jahrhundert immer wie\u00adder eine wichtige Rolle f\u00fcr feministische K\u00e4mpfe. Geschlechterpolitische Forderungen nach Teilhabe, Gleichberechtigung, Sichtbarkeit und Repr\u00e4sentation sind ungebrochen aktuell. Feministische Stimmen begleiten diese Auseinandersetzungen seit \u00fcber 130 Jahren. Wie kann ein anderer, gerechterer Sport aussehen?<\/p>\n<p style=\"text-align: left;\">Einige dieser Debatten rund um \u201ePhysical Feminism\u201c werden anl\u00e4sslich der Buchpr\u00e4sentation von SPORT UND FEMINISMUS. GESELLSCHAFTSPOLITISCHE GESCHLECHTERDEBATTEN VOM FIN DE SI\u00c8CLE BIS HEUTE (Campus Verlag Frankfurt\/New York, 2025) vorgestellt und diskutiert.<\/p>\n<p style=\"text-align: left;\">Der umfassende Sammelband mit 37 Beitr\u00e4gen liefert erstmals einen \u00dcberblick \u00fcber historische Debatten und aktuelle Kontroversen rund um Sport und Geschlecht und erkl\u00e4rt, was sich daraus sowohl \u00fcber geschlechterpolitische K\u00e4mpfe als auch sportliche Praxen der jeweiligen Zeit lernen l\u00e4sst. Von den Radfahrerinnen der Jahrhundertwende \u00fcber das&nbsp;<em>sports girl<\/em>&nbsp;der 1920er Jahre bis zur Infragestellung des zweigeschlechtlich organisierten Spitzensports durch die Diskussion um trans* Sportler*innen in der Gegenwart.<\/p>\n<p style=\"text-align: left;\"><strong>Mit:<\/strong>&nbsp;Nicola Werdenigg&nbsp;(ehemalige Skirennl\u00e4uferin),&nbsp;Martina Gugglberger&nbsp;(Professorin f\u00fcr&nbsp;Frauen- und&nbsp;Geschlechtergeschichte, Johannes Kepler Universit\u00e4t Linz),&nbsp;\u00c9lise-Sophie Schwarzmann&nbsp;(Vienna Roller Derby),&nbsp;Petra Sturm&nbsp;(<a href=\"http:\/\/hg.in\/\">Hg.in<\/a> und Journalistin), Georg Spitaler (Hg., Politologe und Sporthistoriker)<\/p>\n<p style=\"text-align: left;\"><strong>Moderation:&nbsp;<\/strong>Marina Rauchenbacher (Kulturwissenschaftlerin, aka | Arbeitskreis Kulturanalyse<\/p>\n<p style=\"text-align: left;\">Veranstaltung in Kooperation mit aka | Arbeitskreis Kulturanalyse<strong>&nbsp;<\/strong>und <span style=\"color: #ff6600;\">Autorinnen* Stammtisch<span style=\"font-size: revert;\">&nbsp;<\/span><\/span><\/p>\n<p style=\"text-align: left;\"><strong><span style=\"font-size: revert; color: #000000;\">Veranstaltungsort: <\/span><\/strong><span style=\"color: #ff6600;\"><span style=\"color: #ff0000;\"><a href=\"https:\/\/kosmostheater.at\/produktion\/festival-der-schieflagen\/\"><span style=\"color: #0000ff;\">Kosmos Theater<\/span><\/a><a href=\"https:\/\/kosmostheater.at\/produktion\/ghostlectures\/\"><span style=\"color: #0000ff;\">, <\/span><\/a><\/span><span style=\"color: #000000;\">Siebensterngasse 42, 1070 Wien<\/span><\/span><\/p>\n<p>&nbsp;<\/p>\n<p>&nbsp;<\/p>\n\n\n\n<p><img data-recalc-dims=\"1\" loading=\"lazy\" decoding=\"async\" class=\" wp-image-1594 alignleft\" src=\"https:\/\/i0.wp.com\/autorinnenstammtisch-wien.eu\/wp-content\/uploads\/2024\/10\/image002.jpg?resize=300%2C423&#038;ssl=1\" alt=\"\" width=\"300\" height=\"423\" srcset=\"https:\/\/i0.wp.com\/autorinnenstammtisch-wien.eu\/wp-content\/uploads\/2024\/10\/image002.jpg?resize=213%2C300&amp;ssl=1 213w, https:\/\/i0.wp.com\/autorinnenstammtisch-wien.eu\/wp-content\/uploads\/2024\/10\/image002.jpg?resize=700%2C987&amp;ssl=1 700w, https:\/\/i0.wp.com\/autorinnenstammtisch-wien.eu\/wp-content\/uploads\/2024\/10\/image002.jpg?resize=768%2C1083&amp;ssl=1 768w, https:\/\/i0.wp.com\/autorinnenstammtisch-wien.eu\/wp-content\/uploads\/2024\/10\/image002.jpg?resize=1090%2C1536&amp;ssl=1 1090w, https:\/\/i0.wp.com\/autorinnenstammtisch-wien.eu\/wp-content\/uploads\/2024\/10\/image002.jpg?w=1240&amp;ssl=1 1240w\" sizes=\"auto, (max-width: 300px) 100vw, 300px\" \/><\/p>\n<p><strong>Feminist Conversations, Networking and Performing Arts<\/strong><\/p>\n<p style=\"font-weight: 400;\"><a href=\"https:\/\/kosmostheater.at\/produktion\/festival-der-schieflagen\/\"><span style=\"color: #ff6600;\"><strong>FESTIVAL DER SCHIEFLAGEN<\/strong><\/span><\/a><\/p>\n<p>Mi, 13. und Mo, 18. Nov.2024<\/p>\n<p style=\"font-weight: 400;\">Das Festival er\u00f6ffnet einen Raum f\u00fcr feministisches Networking, Artistic Research, Diskussion und Performances am Kosmos Theater. In welchen unterschiedlichen Formen, Medien und Ausdrucksweisen lassen sich literarisch-k\u00fcnstlerisch Prognosen und Prophezeiungen \u00fcber die Vergangenheit, die Gegenwart und die Zukunft unseres Planeten treffen? Im Mittelpunkt steht die Wasserproblematik als zentrale politische Frage angesichts des fortschreitenden Klimawandels. <span style=\"font-size: revert; background-color: #ffffff;\">Wir freuen uns auf ein inspirierendes, kritisches, solidarisches Festival und vor allem auf Euch!<\/span><\/p>\n<p style=\"font-weight: 400;\"><strong style=\"font-size: revert;\">Kuration<\/strong><span style=\"font-size: revert; background-color: #ffffff;\">: <a href=\"https:\/\/www.elena-messner.com\">Elena Messner<\/a>, <a href=\"https:\/\/www.crew-united.com\/de\/Gabriele-Schelle_481797.html\">Gabriele Schelle<\/a> <\/span><strong style=\"font-size: revert;\">Produktionsleitung<\/strong><span style=\"font-size: revert; background-color: #ffffff;\">: Gabriele Schelle <\/span><strong>Kooperation<\/strong> Autorinnen*Stammtisch und<a href=\"https:\/\/kosmostheater.at\/produktion\/festival-der-schieflagen\/\"> Kosmos Theater<\/a>. Mit Studierenden des <a href=\"https:\/\/www.mdw.ac.at\/1791\/\">Contemporary Arts Practice Master Studium der Universit\u00e4t f\u00fcr Musik und Darstellende Kunst Wien (CAP)<\/a>. Gef\u00f6rdert von der Stadt Wien Kultur und dem BMKOES Kunst und Kultur.<\/p>\n<p style=\"font-weight: 400;\"><strong><span style=\"font-size: revert;\">Veranstaltungsort: <\/span><\/strong><span style=\"color: #ff0000;\"><a href=\"https:\/\/kosmostheater.at\/produktion\/festival-der-schieflagen\/\"><span style=\"color: #0000ff;\">Kosmos Theater<\/span><\/a><a href=\"https:\/\/kosmostheater.at\/produktion\/ghostlectures\/\"><span style=\"color: #0000ff;\">, <\/span><\/a><\/span><span style=\"color: #000000;\">Siebensterngasse 42, 1070 Wien<br><\/span><span style=\"font-size: revert;\"><strong>Tickets:<\/strong> Pay as you wish<br><\/span><span style=\"color: #000000;\"><span style=\"font-size: revert;\">T:&nbsp;<\/span><a style=\"color: #000000;\" href=\"tel:+4315231226\">+43 1 523 12 26<\/a><\/span><br><span style=\"color: #000000;\"><a style=\"color: #000000;\" href=\"mailto:office@kosmostheater.at\">office@kosmostheater.at<\/a><\/span><\/p>\n<p style=\"font-weight: 400;\"><a href=\"https:\/\/autorinnenstammtisch-wien.eu\/?page_id=1473\"><span style=\"color: #ff6600;\">mehr lesen &gt;&gt;<\/span><\/a><\/p>\n<p class=\"false\">&nbsp;<\/p>\n\n\n\n<p>&nbsp;<\/p>\n<p><img data-recalc-dims=\"1\" loading=\"lazy\" decoding=\"async\" class=\"wp-image-1023 size-medium alignleft\" src=\"https:\/\/i0.wp.com\/autorinnenstammtisch-wien.eu\/wp-content\/uploads\/2022\/10\/GHOSTLECTURES_FacebookEventCover_mitZeitangabe.jpg?resize=300%2C169&#038;ssl=1\" alt=\"\" width=\"300\" height=\"169\" srcset=\"https:\/\/i0.wp.com\/autorinnenstammtisch-wien.eu\/wp-content\/uploads\/2022\/10\/GHOSTLECTURES_FacebookEventCover_mitZeitangabe.jpg?resize=300%2C169&amp;ssl=1 300w, https:\/\/i0.wp.com\/autorinnenstammtisch-wien.eu\/wp-content\/uploads\/2022\/10\/GHOSTLECTURES_FacebookEventCover_mitZeitangabe.jpg?resize=700%2C394&amp;ssl=1 700w, https:\/\/i0.wp.com\/autorinnenstammtisch-wien.eu\/wp-content\/uploads\/2022\/10\/GHOSTLECTURES_FacebookEventCover_mitZeitangabe.jpg?resize=768%2C432&amp;ssl=1 768w, https:\/\/i0.wp.com\/autorinnenstammtisch-wien.eu\/wp-content\/uploads\/2022\/10\/GHOSTLECTURES_FacebookEventCover_mitZeitangabe.jpg?resize=1536%2C864&amp;ssl=1 1536w, https:\/\/i0.wp.com\/autorinnenstammtisch-wien.eu\/wp-content\/uploads\/2022\/10\/GHOSTLECTURES_FacebookEventCover_mitZeitangabe.jpg?w=1920&amp;ssl=1 1920w\" sizes=\"auto, (max-width: 300px) 100vw, 300px\" \/><\/p>\n<p><b style=\"color: #ff6600; font-size: revert;\"><span style=\"color: #000000;\">Literarische S\u00e9ancen mit Sprach-Gef\u00e4hrtinnen*<\/span><br><b><a href=\"https:\/\/kosmostheater.at\/produktion\/ghostlectures\/\"><span style=\"color: #ff6600;\">GHOSTLECTURES<\/span><\/a><span style=\"color: #ff6600;\"><span style=\"color: #000000;\">&nbsp;<br><\/span><\/span><\/b><\/b><span style=\"font-size: revert;\">Kooperation Autorinnen*Stammtisch &amp; Kosmos Theater<br>So, 20. Nov. 2022 | 17:00<\/span><\/p>\n<p style=\"font-weight: 400;\"><em>Ghostwriting, Ghostreading, Ghosthinking<\/em><\/p>\n<p style=\"font-weight: 400;\">Die \u201eGeisterbeschw\u00f6rung\u201c als literarisch-politische Auseinandersetzung: In drei S\u00e9ancen stellen wir uns die Frage: Was k\u00f6nnen und wollen wir von unseren Vorg\u00e4ngerinnen* f\u00fcr unser Schreiben mitnehmen, welche produktiven Kr\u00e4fte von ihnen beschw\u00f6ren, welche ihrer gesellschaftspolitischen Ideen und Schreibstrategien f\u00fcr uns n\u00fctzen, welche verwerfen? Nach DONNA HARAWAY ALS SPRACH-GEF\u00c4HRTIN DENKEN. LESUNGEN. INPUTS. INSPIRATIONEN haben sich die Kuratorinnen ein neues diskursives und intertextuelles Literaturformat \u00fcberlegt, das inspirierende Denkmodelle in der Gegen\u00fcberstellung von Schreibzug\u00e4ngen, Lebens- und Theoriewelten von Autorinnen* lebt.<\/p>\n<p><strong>Kuration &amp; Konzept<\/strong>: Elena Messner, Petra Sturm | <strong>Produktionsleitung<\/strong>: Gabriele Schelle | <strong>S\u00e9ancenleiterinnen<\/strong>: Elena Messner, Petra Sturm | <strong>S\u00e9ancenmedien bzw. G\u00e4ste<\/strong>: Miriam V. Lesch (Autorin\/Dramaturgin), Ilse Kilic (Autorin), Katharina K\u00f6ller (Autorin\/Schauspielerin), Daphne Nechyba (\u00dcbersetzerin), Claudia Seigmann (Theaterschaffende\/-regisseurin), Ruby Jana Sircar (Kunstwissenschaftlerin\/K\u00fcnstlerin) | <strong>Musik:<\/strong> Johanna Schl\u00f6micher aka Vantan<\/p>\n<p><strong>Inspired by <\/strong>Annie Ernaux, Donna Haraway, bell hooks und Rosa Mayreder<\/p>\n<p><em>Mit freundlicher Unterst\u00fctzung der Kulturabteilung der Stadt Wien und des BMK\u00d6S<\/em><\/p>\n<div>\n<p><span style=\"font-size: revert;\">Veranstaltungsort: <\/span><span style=\"color: #ff0000;\"><a href=\"https:\/\/kosmostheater.at\/produktion\/ghostlectures\/\"><span style=\"color: #0000ff;\">Kosmos Theater, <\/span><\/a><\/span><span style=\"color: #000000;\">Siebensterngasse 42, 1070 Wien<\/span><\/p>\n<\/div>\n<div>\n<p><span style=\"font-size: revert;\">Tickets: Eintritt Frei!&nbsp;<br><\/span><span style=\"color: #000000;\"><span style=\"font-size: revert;\">T:&nbsp;<\/span><a style=\"color: #000000;\" href=\"tel:+4315231226\">+43 1 523 12 26<\/a><\/span><br><span style=\"color: #000000;\"><a style=\"color: #000000;\" href=\"mailto:office@kosmostheater.at\">office@kosmostheater.at<\/a><\/span><\/p>\n<\/div>\n<p><span style=\"color: #ff6600;\"><a style=\"color: #ff6600;\" href=\"https:\/\/autorinnenstammtisch-wien.eu\/?page_id=899\">mehr lesen &gt;<\/a>&gt;<br><\/span><\/p>\n<p>&nbsp;<\/p>\n\n\n\n<p><strong>Symposion Lindabrunn<\/strong>&nbsp;<br><strong><span style=\"color: #ff6600;\">Die Wilden sind wir <\/span><\/strong><span style=\"color: #ff6600;\">| <span style=\"color: #000000;\">Szenische Lesung<\/span><br><\/span>16. und 17. 07. 2022<br>Veranstaltungsort:&nbsp;<span style=\"color: #0000ff;\"><a style=\"color: #0000ff;\" href=\"https:\/\/www.symposion-lindabrunn.at\/?p=3365\">Symposion Lindabrunn<\/a><br><\/span><strong>Wald<\/strong> von Miriam V. Lesch<br><strong>Die Rekrutierung der Zukunft und die Liga der Wurfgeschwisterchen<\/strong>&nbsp;von Elena Messner, Petra Sturm, Gabriele Schelle &nbsp;<br><strong>Windh\u00f6he<\/strong>&nbsp;von Katharina K\u00f6ller<br><a href=\"https:\/\/autorinnenstammtisch-wien.eu\/?page_id=765\"><span style=\"color: #ff6600;\">mehr lesen &gt;&gt;<\/span><\/a><\/p>\n<p>&nbsp;<\/p>\n<p><strong>Stammtisch Special<br><span style=\"color: #ff6600;\">Autorinnen*Stammtisch meets Wortstaetten<br><\/span><\/strong>Kooperation Wiener Wortstaetten &amp; Autorinnen* Stammtisch&nbsp;<br>26.02.2022 und 22.05.2022<br><br>Veranstaltungsort: <a href=\"https:\/\/kosmostheater.at\"><span style=\"color: #0000ff;\">Kosmos Theater, <\/span>Siebensterngasse 42, 1070 Wien<\/a><br>Das Stammtisch Special dient der engeren Vernetzung des Stammtisches mit den <a href=\"https:\/\/www.wortstaetten.at\">Wiener Wortstaetten<\/a>. Beide Kooperationspartner stellen ihre Arbeit und Schwerpunkte vor. Nach diesem Austausch werden drei Texte von Stammtischautorinnen* gelesen und diskutiert. Das Konservatorium Sunrise Studios nimmt ebenfalls an diesem Treffen teil. So ist es m\u00f6glich, dass die Texte durch vier Schauspiel Studierende gelesen werden.<br><span style=\"color: #ff6600;\"><a style=\"color: #ff6600;\" href=\"https:\/\/autorinnenstammtisch-wien.eu\/stammtisch\">mehr lesen &gt;&gt;<\/a><\/span><\/p>\n\n\n\n<hr class=\"wp-block-separator has-alpha-channel-opacity\"\/>\n\n\n\n<figure class=\"wp-block-embed alignleft is-type-video is-provider-youtube wp-block-embed-youtube wp-embed-aspect-16-9 wp-has-aspect-ratio\"><div class=\"wp-block-embed__wrapper\">\n<iframe loading=\"lazy\" hcb-fetch-image-from=\"https:\/\/youtu.be\/CVOijvluDcg?si=N55sC2gton7xSbWn\" title=\"DONNA HARAWAY ALS SPRACH-GEF\u00c4HRTIN DENKEN - Lesungen. Inputs. Inspirationen\" width=\"1300\" height=\"731\" src=\"https:\/\/www.youtube.com\/embed\/CVOijvluDcg?feature=oembed\" frameborder=\"0\" allow=\"accelerometer; autoplay; clipboard-write; encrypted-media; gyroscope; picture-in-picture; web-share\" referrerpolicy=\"strict-origin-when-cross-origin\" allowfullscreen><\/iframe>\n<\/div><\/figure>\n\n\n\n<p><strong><span style=\"color: #000000;\">\u00a0 \u00a0<\/span><\/strong><strong><span style=\"color: #000000;\">Online &#8211; Literaturforum<\/span><br \/><\/strong><strong><span style=\"color: #ff6600;\"><a style=\"color: #ff6600;\" href=\"https:\/\/kosmostheater.at\/donna-haraway-als-sprach-gefaehrtin-denken\/\">\u00a0 \u00a0DONNA HARAWAY ALS SPRACHGEF\u00c4HRTIN DENKEN<\/a>\u00a0<\/span> <br \/><\/strong>\u00a0 08. April 2021<br \/>\u00a0 Kooperation Autorinnen*Stammtisch &amp; Kosmos Theater\u00a0<\/p>\n<p>\u00a0<\/p>\n<p>Ausgangspunkt des Literaturforums ist Donna Haraways technologietheoretisches, naturwissenschafliches, philosophisches, radikalfeministisches Werk. Inhaltlicher Fokus liegt auf jenen Aspekten von Haraways Texten, in denen es insbesondere um das Schreiben selbst, den Zugang zur Macht des Beschreibens geht. Welche literarischen Dekonstruktionen, utopischen Gegenerz\u00e4hlungen und Analysemethoden gibt es, um in Erz\u00e4hlungen die Regeln einer reproduktiven Politik, die Frauen als die Schw\u00e4cheren imaginiert, zu brechen? Wie gesteht man als Autorin* Anderen \u2013 gemeint sind hier auch andere Lebewesen und Spezies \u2013 , das Privileg der Handlungsf\u00e4higkeit zu? Wie ist die Sprach-Beziehung zum \u201esignificant other\u201c? Welche neuen Sprach-Gef\u00e4hrt*innen (Haraway) oder Schreibtechnologien entstehen dadurch?\u00a0<\/p>\n<p><strong>Mit:\u00a0<\/strong>Rebecca Gutwald, Ilse Kilic, Janina Loh, Elena Messner, Milena Michalek, Gabriele Schelle, Petra Sturm, Miriam Unterthiner.\u00a0<br \/><strong>Kuration &amp; Konzept:<\/strong> Elena Messner, Petra Sturm<\/p>\n<p>Im Artikel vom ORF (17.11.2021) bezieht sich Paula Pfoser auf diese Veranstaltung<br data-rich-text-line-break=\"true\" \/><a href=\"https:\/\/orf.at\/stories\/3237000\/\">Donna Haraway Philosophin mit Hirn, Herz und Hund ORF, 17.11.2021<\/a><\/p>\n<p>\u00a0<\/p>\n\n\n\n<p><strong><span style=\"color: #000000;\">WEB-Special STAY WITH THE TROUBLE <\/span><br><\/strong><span style=\"color: #ff6600;\">&nbsp;<\/span><strong><span style=\"color: #ff6600;\"><a style=\"color: #ff6600;\" href=\"https:\/\/kosmostheater.at\/produktion\/stay-with-the-trouble-20-jahre-kosmos\/\">Online-Diskussion zu Donna Haraways Essay &#8220;Stay with the trouble&#8221;<\/a><\/span><br><\/strong>12. Mai 2020<br>Literarische Zugriffe auf Unzumutbares (Livestream &amp; Live-Chat)<br>Im Anschluss an die Filmvorf\u00fchrung von <strong>Keimzelle<\/strong> findet ein&nbsp;Live-Online-Stammtisch-Special&nbsp;zum Thema<em>STAY WITH THE TROUBLE \u2013 Literarische Zugriffe auf Unzumutbares<\/em>&nbsp;statt. Diskutiert werden drei Texte von Autorinnen, die auf unterschiedliche Weise wunde Punkte der Gesellschaft aufgreifen: \u201cStaying with the trouble\u201d (Donna Haraway), \u201cErinnerungen eines M\u00e4dchens\u201d (Annie Ernaux) und \u201c<a href=\"https:\/\/kosmostheater.at\/produktion\/geister-sind-auch-nur-menschen\/\">Geister sind auch nur Menschen<\/a>\u201d (Katja Brunner). Letzteres St\u00fcck war 2019 in der Regie von Barbara Falter im Kosmos Theater zu sehen.&nbsp;Film und Online-Stammtisch von und mit:&nbsp;Maitane von der Becke, Miriam V. Lesch, Elena Messner, Gabriele Schelle, Petra Sturm<\/p>\n<p>&nbsp;<\/p>\n\n\n\n<figure class=\"wp-block-embed alignleft is-type-video is-provider-vimeo wp-block-embed-vimeo wp-embed-aspect-16-9 wp-has-aspect-ratio\"><div class=\"wp-block-embed__wrapper\">\n<iframe loading=\"lazy\" hcb-fetch-image-from=\"https:\/\/vimeo.com\/415884732\" title=\"KEIMZELLE \u2013 Der Autorinnen*Stammtisch Wien\" src=\"https:\/\/player.vimeo.com\/video\/415884732?dnt=1&amp;app_id=122963\" width=\"1300\" height=\"731\" frameborder=\"0\" allow=\"autoplay; fullscreen; picture-in-picture; clipboard-write; encrypted-media; web-share\" referrerpolicy=\"strict-origin-when-cross-origin\"><\/iframe>\n<\/div><\/figure>\n\n\n\n<p><\/p>\n\n\n\n<p><\/p>\n\n\n\n<p><\/p>\n\n\n\n<p><\/p>\n\n\n\n<p><\/p>\n\n\n\n<p><\/p>\n\n\n\n<p><\/p>\n\n\n\n<p><span style=\"color: #008000;\"><strong><span style=\"color: #000000;\">Kurzfilm<\/span><br><\/strong><\/span><span style=\"color: #ff6600;\"><strong><a style=\"color: #ff6600;\" href=\"https:\/\/vimeo.com\/415884732\">KEIMZELLE<\/a><\/strong> <\/span><strong><span style=\"color: #ff6600;\">&nbsp;<\/span><br><\/strong><span style=\"color: var(--nv-text-color); font-family: var(--bodyFontFamily); font-size: var(--bodyFontSize); letter-spacing: var(--bodyLetterSpacing); text-transform: var(--bodyTextTransform); background-color: var(--nv-site-bg);\">Release: 12. Mai 2020&nbsp;<br><\/span>Seit \u00fcber einem Jahr treffen sich eine Handvoll schreibender Theatermacherinnen* regelm\u00e4\u00dfig im Kosmos Theater und mittlerweile auch digital zum Autorinnen*Stammtisch. Vergangenen Dezember hat diese Gruppe ein Symposium zu weiblichen* Erz\u00e4hlperspektiven im Kosmos Theater organisiert und erstmals seine \u201cMindeststandards f\u00fcr ein besseres Theater\u201d pr\u00e4sentiert. Im Kurzfilm KEIMZELLE, den wir im Zuge unserer Festwoche erstmals ver\u00f6ffentlichen d\u00fcrfen, fragen die Autorinnen*: Warum braucht es einen Stammtisch? Was kann feministisches Schreiben sein? Und: Wieso braucht es Mindeststandards f\u00fcr ein besseres Theater?<\/p>\n<p><strong>Konzept: <\/strong>Maitane von der Becke, Miriam V. Lesch, Elena Messner, Gabriele Schelle, Petra Sturm. <br><strong>Schnitt:<\/strong> Gabriele Schelle&nbsp;<strong>Design &amp; Schnittassistenz:<\/strong> Petra Sturm<\/p>\n<p>&nbsp;<\/p>\n\n\n\n<p><span style=\"color: #008000;\"><strong><span style=\"color: #000000;\">Symposium<\/span> <br><\/strong><\/span><strong><span style=\"color: #ff6600;\"><a style=\"color: #ff6600;\" href=\"https:\/\/kosmostheater.at\/produktion\/symposium-weibliche-erzaehlperspektiven\/\">Symposium weibliche* Erz\u00e4hlperspektive(n)<\/a><\/span><br><\/strong>08. Dez. 2019 im Kosmos Theater<br>Ein offener Tag f\u00fcr Texte von Frauen<sub>*<\/sub>: lesen, diskutieren, hineinh\u00f6ren, filetieren, aufschreiben, sichtbar machen, rezipieren, ver\u00f6ffentlichen, kennenlernen, auswendig lernen, projizieren, singen, rezitieren, von der Decke baumeln lassen und mitnehmen. Finden wir Wege, damit auch die Welt der Texte zur H\u00e4lfte weiblich<sub>*<\/sub>&nbsp;wird!<\/p>\n<p><strong style=\"font-size: revert;\">Kuration &amp; Konzept:<\/strong><span style=\"font-size: revert;\">&nbsp;Miriam V. Lesch &amp; Gabriele Schelle<\/span><\/p>\n<p><span style=\"color: #ff6600;\">Mehr lesen &gt;&gt;<\/span><\/p>\n<p>&nbsp;<\/p>\n\n\n\n<p><strong><span style=\"color: #000000;\">Mission statement<\/span><br \/><span style=\"color: #ff6600;\">Mindeststandards f\u00fcr ein besseres Theater<\/span><br \/><\/strong>J\u00e4nner \u2013 Juni 2019<br \/>In den regelm\u00e4\u00dfigen Treffen wurden kollektiv\u00a0 die \u201eMindeststandards f\u00fcr ein besseres Theater\u201c erarbeitet. Beim Symposium weibliche* Erz\u00e4hlperspektiven wurden sie pr\u00e4sentiert.<br \/>Die Mindeststandards k\u00f6nnen Sie <a href=\"https:\/\/autorinnenstammtisch-wien.eu\/?page_id=66\">hier<\/a> nachlesen.<\/p>\n<p><span style=\"color: #ff6600;\"><a style=\"color: #ff6600;\" href=\"https:\/\/autorinnenstammtisch-wien.eu\/?page_id=66\">Mehr lesen &gt;&gt;<\/a><\/span><\/p>\n<p>\u00a0<\/p>\n","protected":false},"excerpt":{"rendered":"<p>Der Autorinnen*Stammtisch wurde 2018 im Rahmen eines Vernetzungstreffens im Kosmos Theater gegr\u00fcndet und versteht sich als eine Platt form f\u00fcr Vernetzung, Austausch und St\u00e4rkung von Theaterautorinnen* und Schriftstellerinnen*. Bei regelm\u00e4\u00dfigen [&hellip;]<\/p>\n","protected":false},"author":1,"featured_media":0,"parent":0,"menu_order":0,"comment_status":"closed","ping_status":"closed","template":"","meta":{"footnotes":""},"class_list":["post-380","page","type-page","status-publish","hentry"],"jetpack-related-posts":[],"jetpack_sharing_enabled":true,"_links":{"self":[{"href":"https:\/\/autorinnenstammtisch-wien.eu\/index.php?rest_route=\/wp\/v2\/pages\/380","targetHints":{"allow":["GET"]}}],"collection":[{"href":"https:\/\/autorinnenstammtisch-wien.eu\/index.php?rest_route=\/wp\/v2\/pages"}],"about":[{"href":"https:\/\/autorinnenstammtisch-wien.eu\/index.php?rest_route=\/wp\/v2\/types\/page"}],"author":[{"embeddable":true,"href":"https:\/\/autorinnenstammtisch-wien.eu\/index.php?rest_route=\/wp\/v2\/users\/1"}],"replies":[{"embeddable":true,"href":"https:\/\/autorinnenstammtisch-wien.eu\/index.php?rest_route=%2Fwp%2Fv2%2Fcomments&post=380"}],"version-history":[{"count":182,"href":"https:\/\/autorinnenstammtisch-wien.eu\/index.php?rest_route=\/wp\/v2\/pages\/380\/revisions"}],"predecessor-version":[{"id":2239,"href":"https:\/\/autorinnenstammtisch-wien.eu\/index.php?rest_route=\/wp\/v2\/pages\/380\/revisions\/2239"}],"wp:attachment":[{"href":"https:\/\/autorinnenstammtisch-wien.eu\/index.php?rest_route=%2Fwp%2Fv2%2Fmedia&parent=380"}],"curies":[{"name":"wp","href":"https:\/\/api.w.org\/{rel}","templated":true}]}}