{"id":650,"date":"2022-04-07T11:35:32","date_gmt":"2022-04-07T11:35:32","guid":{"rendered":"http:\/\/autorinnenstammtisch-wien.eu\/?page_id=650"},"modified":"2024-09-30T23:30:02","modified_gmt":"2024-09-30T23:30:02","slug":"kurzfilm","status":"publish","type":"page","link":"https:\/\/autorinnenstammtisch-wien.eu\/?page_id=650","title":{"rendered":"Kurzfilm"},"content":{"rendered":"\n<h2><strong>Kurzfilm<\/strong><\/h2>\n\n\n\n<h1><span style=\"color: #ff6600;\"><strong>KEIMZELLE<\/strong><strong>\u00a0<\/strong><strong>\u00a0<\/strong><\/span><\/h1>\n\n\n\n<p>Release: 12. Mai 2020&nbsp;&nbsp;<\/p>\n\n\n\n<p>Seit \u00fcber einem Jahr treffen sich eine Handvoll schreibender Theatermacherinnen* regelm\u00e4\u00dfig im Kosmos Theater und mittlerweile auch digital zum Autorinnen*Stammtisch. Vergangenen Dezember hat diese Gruppe ein Symposium zu weiblichen* Erz\u00e4hlperspektiven im Kosmos Theater organisiert und erstmals seine \u201cMindeststandards f\u00fcr ein besseres Theater\u201d pr\u00e4sentiert. Im Kurzfilm KEIMZELLE, den wir im Zuge unserer Festwoche erstmals ver\u00f6ffentlichen d\u00fcrfen, fragen die Autorinnen*: Warum braucht es einen Stammtisch? Was kann feministisches Schreiben sein? Und: Wieso braucht es Mindeststandards f\u00fcr ein besseres Theater?<\/p>\n\n\n\n<p><strong>Von<\/strong>: Maitane von der Becke, Miriam V. Lesch, Elena Messner, Gabriele Schelle, Petra Sturm.&nbsp;<strong>Schnitt<\/strong>: Gabriele Schelle&nbsp;<strong>Design &amp; Schnittassistenz<\/strong>: Petra Sturm<\/p>\n\n\n\n<div style=\"height:100px\" aria-hidden=\"true\" class=\"wp-block-spacer\"><\/div>\n\n\n\n<p><\/p>\n\n\n\n<figure class=\"wp-block-embed is-type-video is-provider-youtube wp-block-embed-youtube wp-embed-aspect-16-9 wp-has-aspect-ratio\"><div class=\"wp-block-embed__wrapper\">\n<iframe loading=\"lazy\" hcb-fetch-image-from=\"https:\/\/youtu.be\/TeJ4E5Ld6ZA\" title=\"KEIMZELLE \u2013Der Autorinnen* Stammtisch Wien\" width=\"1300\" height=\"731\" src=\"https:\/\/www.youtube.com\/embed\/TeJ4E5Ld6ZA?feature=oembed\" frameborder=\"0\" allow=\"accelerometer; autoplay; clipboard-write; encrypted-media; gyroscope; picture-in-picture\" allowfullscreen><\/iframe>\n<\/div><\/figure>\n\n\n\n<p><\/p>\n","protected":false},"excerpt":{"rendered":"<p>Kurzfilm KEIMZELLE\u00a0\u00a0 Release: 12. Mai 2020&nbsp;&nbsp; Seit \u00fcber einem Jahr treffen sich eine Handvoll schreibender Theatermacherinnen* regelm\u00e4\u00dfig im Kosmos Theater und mittlerweile auch digital zum Autorinnen*Stammtisch. Vergangenen Dezember hat diese [&hellip;]<\/p>\n","protected":false},"author":1,"featured_media":0,"parent":0,"menu_order":0,"comment_status":"closed","ping_status":"closed","template":"","meta":{"footnotes":""},"class_list":["post-650","page","type-page","status-publish","hentry"],"jetpack-related-posts":[],"jetpack_sharing_enabled":true,"_links":{"self":[{"href":"https:\/\/autorinnenstammtisch-wien.eu\/index.php?rest_route=\/wp\/v2\/pages\/650","targetHints":{"allow":["GET"]}}],"collection":[{"href":"https:\/\/autorinnenstammtisch-wien.eu\/index.php?rest_route=\/wp\/v2\/pages"}],"about":[{"href":"https:\/\/autorinnenstammtisch-wien.eu\/index.php?rest_route=\/wp\/v2\/types\/page"}],"author":[{"embeddable":true,"href":"https:\/\/autorinnenstammtisch-wien.eu\/index.php?rest_route=\/wp\/v2\/users\/1"}],"replies":[{"embeddable":true,"href":"https:\/\/autorinnenstammtisch-wien.eu\/index.php?rest_route=%2Fwp%2Fv2%2Fcomments&post=650"}],"version-history":[{"count":6,"href":"https:\/\/autorinnenstammtisch-wien.eu\/index.php?rest_route=\/wp\/v2\/pages\/650\/revisions"}],"predecessor-version":[{"id":1540,"href":"https:\/\/autorinnenstammtisch-wien.eu\/index.php?rest_route=\/wp\/v2\/pages\/650\/revisions\/1540"}],"wp:attachment":[{"href":"https:\/\/autorinnenstammtisch-wien.eu\/index.php?rest_route=%2Fwp%2Fv2%2Fmedia&parent=650"}],"curies":[{"name":"wp","href":"https:\/\/api.w.org\/{rel}","templated":true}]}}